{"id":8479,"date":"2023-05-20T10:00:18","date_gmt":"2023-05-20T14:00:18","guid":{"rendered":"https:\/\/les4h.fr\/?page_id=8479"},"modified":"2025-12-21T11:22:18","modified_gmt":"2025-12-21T15:22:18","slug":"aprovecha-la-ia-con-openai-y-chatgtp","status":"publish","type":"page","link":"https:\/\/les4h.fr\/es\/aprovecha-la-ia-con-openai-y-chatgtp\/","title":{"rendered":"Aprovecha la IA con OpenAi y ChatGtp"},"content":{"rendered":"\t\t<div data-elementor-type=\"wp-page\" data-elementor-id=\"8479\" class=\"elementor elementor-8479 elementor-7609\" data-elementor-post-type=\"page\">\n\t\t\t\t\t\t<section class=\"elementor-section elementor-top-section elementor-element elementor-element-5f970a8 elementor-section-boxed elementor-section-height-default elementor-section-height-default\" data-id=\"5f970a8\" data-element_type=\"section\">\n\t\t\t\t\t\t<div class=\"elementor-container elementor-column-gap-default\">\n\t\t\t\t\t<div class=\"elementor-column elementor-col-100 elementor-top-column elementor-element elementor-element-70b731f2\" data-id=\"70b731f2\" data-element_type=\"column\">\n\t\t\t<div class=\"elementor-widget-wrap elementor-element-populated\">\n\t\t\t\t\t\t<div class=\"elementor-element elementor-element-47175814 elementor-widget elementor-widget-text-editor\" data-id=\"47175814\" data-element_type=\"widget\" data-widget_type=\"text-editor.default\">\n\t\t\t\t<div class=\"elementor-widget-container\">\n\t\t\t\t\t\t\t\t\t<h2><span style=\"color: var( --e-global-color-73c2ee3 ); font-family: var( --e-global-typography-2eada45-font-family ), Sans-serif; font-size: var( --e-global-typography-2eada45-font-size ); letter-spacing: var( --e-global-typography-2eada45-letter-spacing ); text-transform: var( --e-global-typography-2eada45-text-transform ); word-spacing: var( --e-global-typography-2eada45-word-spacing ); background-color: var( --e-global-color-f0655ea );\">Comment tirer profit de l&#8217;intelligence artificielle pour am\u00e9liorer votre entreprise?<\/span><\/h2><p>L&#8217;intelligence artificielle (IA) offre aux entreprises une vari\u00e9t\u00e9 d&#8217;opportunit\u00e9s pour am\u00e9liorer leurs performances. En int\u00e9grant l&#8217;IA \u00e0 leurs processus, les entreprises peuvent <strong>accro\u00eetre leur productivit\u00e9<\/strong>, <strong>r\u00e9duire leurs co\u00fbts<\/strong> et <strong>am\u00e9liorer leurs services<\/strong>. Les entreprises peuvent tirer parti de l&#8217;IA pour <strong>automatiser des t\u00e2ches r\u00e9p\u00e9titives<\/strong>, <strong>am\u00e9liorer leurs processus de prise de d\u00e9cision<\/strong> et <strong>mieux comprendre leurs clients<\/strong>.<\/p><p>Par exemple, l&#8217;IA peut \u00eatre utilis\u00e9e pour automatiser des processus complexes et r\u00e9p\u00e9titifs, tels que la gestion des stocks et la pr\u00e9vision des ventes. Cela permet aux entreprises de r\u00e9duire leurs co\u00fbts et d&#8217;accro\u00eetre leur efficacit\u00e9. De plus, l&#8217;IA peut \u00eatre utilis\u00e9e pour analyser les donn\u00e9es et fournir des informations pr\u00e9cieuses sur les tendances du march\u00e9 et les comportements des consommateurs. Cela permet aux entreprises de mieux comprendre leurs clients et de mieux r\u00e9pondre \u00e0 leurs besoins.<\/p><p>Enfin, l&#8217;IA peut \u00eatre utilis\u00e9e pour am\u00e9liorer les processus de prise de d\u00e9cision. Les entreprises peuvent utiliser l&#8217;IA pour analyser des donn\u00e9es complexes et prendre des d\u00e9cisions plus rapides et plus pr\u00e9cises. Cela peut aider les entreprises \u00e0 prendre des <strong>d\u00e9cisions plus \u00e9clair\u00e9es<\/strong> et \u00e0 <strong>am\u00e9liorer leurs performances<\/strong>.<\/p><p>En r\u00e9sum\u00e9, l&#8217;IA offre aux entreprises une vari\u00e9t\u00e9 d&#8217;opportunit\u00e9s pour am\u00e9liorer leurs performances. Les entreprises peuvent tirer parti de l&#8217;IA pour automatiser des processus complexes, mieux comprendre leurs clients et am\u00e9liorer leurs processus de prise de d\u00e9cision.<\/p><p><img fetchpriority=\"high\" decoding=\"async\" class=\"aligncenter size-full wp-image-7613\" src=\"https:\/\/les4h.fr\/wp-content\/uploads\/2023\/05\/IA_CHatgpt_machine-1.jpg\" alt=\"\" width=\"830\" height=\"548\" srcset=\"https:\/\/les4h.fr\/wp-content\/uploads\/2023\/05\/IA_CHatgpt_machine-1.jpg 830w, https:\/\/les4h.fr\/wp-content\/uploads\/2023\/05\/IA_CHatgpt_machine-1-300x198.jpg 300w, https:\/\/les4h.fr\/wp-content\/uploads\/2023\/05\/IA_CHatgpt_machine-1-768x507.jpg 768w\" sizes=\"(max-width: 830px) 100vw, 830px\" \/><\/p><h2 id=\"wpaicg-comment-lia-peut-elle-optimiser-vos-processus-internes\">\u00a0<\/h2>\t\t\t\t\t\t\t\t<\/div>\n\t\t\t\t<\/div>\n\t\t\t\t\t<\/div>\n\t\t<\/div>\n\t\t\t\t\t<\/div>\n\t\t<\/section>\n\t\t\t\t<section class=\"elementor-section elementor-top-section elementor-element elementor-element-515a6230 elementor-section-boxed elementor-section-height-default elementor-section-height-default\" data-id=\"515a6230\" data-element_type=\"section\">\n\t\t\t\t\t\t<div class=\"elementor-container elementor-column-gap-default\">\n\t\t\t\t\t<div class=\"elementor-column elementor-col-100 elementor-top-column elementor-element elementor-element-15ebf9bb\" data-id=\"15ebf9bb\" data-element_type=\"column\">\n\t\t\t<div class=\"elementor-widget-wrap\">\n\t\t\t\t\t\t\t<\/div>\n\t\t<\/div>\n\t\t\t\t\t<\/div>\n\t\t<\/section>\n\t\t\t\t<section class=\"elementor-section elementor-top-section elementor-element elementor-element-71403e4 elementor-section-boxed elementor-section-height-default elementor-section-height-default\" data-id=\"71403e4\" data-element_type=\"section\">\n\t\t\t\t\t\t<div class=\"elementor-container elementor-column-gap-default\">\n\t\t\t\t\t<div class=\"elementor-column elementor-col-100 elementor-top-column elementor-element elementor-element-68337e1\" data-id=\"68337e1\" data-element_type=\"column\">\n\t\t\t<div class=\"elementor-widget-wrap elementor-element-populated\">\n\t\t\t\t\t\t<div class=\"elementor-element elementor-element-ec7a079 elementor-widget elementor-widget-text-editor\" data-id=\"ec7a079\" data-element_type=\"widget\" data-widget_type=\"text-editor.default\">\n\t\t\t\t<div class=\"elementor-widget-container\">\n\t\t\t\t\t\t\t\t\t<p>\u00a0<\/p><h2 id=\"wpaicg-comment-lia-peut-elle-optimiser-vos-processus-internes\">Comment l&#8217;IA peut-elle optimiser vos processus internes?<\/h2><p>L&#8217;Intelligence Artificielle (IA) peut aider \u00e0 <strong>optimiser les processus internes<\/strong> en fournissant des <strong>analyses pr\u00e9cises<\/strong> et en<strong> temps r\u00e9el des donn\u00e9es et des informations<\/strong>. Elle peut \u00e9galement aider \u00e0 automatiser certaines t\u00e2ches et \u00e0 am\u00e9liorer la prise de d\u00e9cision. En analysant les donn\u00e9es et en identifiant les tendances, l&#8217;IA peut aider \u00e0 am\u00e9liorer les processus internes en fournissant des informations pr\u00e9cises et \u00e0 jour. Elle peut \u00e9galement aider \u00e0 r\u00e9duire les co\u00fbts et \u00e0 am\u00e9liorer l&#8217;efficacit\u00e9 des processus. Enfin, l&#8217;IA peut aider \u00e0 am\u00e9liorer la qualit\u00e9 des produits et services en fournissant des informations pr\u00e9cises et \u00e0 jour sur les performances des produits et services.<\/p><p>\u00a0<\/p><h2 id=\"wpaicg-comment-former-vos-employes-aux-outils-dia-et-automatiser-vos-flux\">Comment former vos employ\u00e9s aux outils d&#8217;IA et automatiser vos flux?<\/h2><p>Pour tirer le meilleur parti des outils d&#8217;IA et automatiser vos flux, nous vous recommandons de former vos employ\u00e9s \u00e0 ces technologies. En formant vos employ\u00e9s aux outils d&#8217;IA, vous leur donnerez les comp\u00e9tences n\u00e9cessaires pour exploiter pleinement le potentiel de ces technologies. Cela leur permettra \u00e9galement de mieux comprendre comment ces technologies peuvent am\u00e9liorer leurs processus et leurs flux de travail. En outre, en formant vos employ\u00e9s aux outils d&#8217;IA, vous leur donnerez les comp\u00e9tences n\u00e9cessaires pour automatiser leurs flux de travail et leurs processus. Cela leur permettra d&#8217;acc\u00e9l\u00e9rer leurs processus et de r\u00e9duire leurs co\u00fbts op\u00e9rationnels.<\/p><p>L&#8217;int\u00e9gration de l&#8217;intelligence artificielle dans les entreprises est un moyen efficace de tirer profit de l&#8217;IA. Elle permet d&#8217;optimiser les processus internes, de former les employ\u00e9s aux outils et de mettre en place des flux automatis\u00e9s adapt\u00e9s \u00e0 l&#8217;activit\u00e9. L&#8217;IA peut ainsi offrir des avantages consid\u00e9rables aux entreprises, en leur permettant de gagner du temps et de l&#8217;argent, et en am\u00e9liorant leurs performances.<\/p><p><img decoding=\"async\" class=\"aligncenter size-full wp-image-7616\" src=\"https:\/\/les4h.fr\/wp-content\/uploads\/2023\/05\/IA_CHatgpt_machine-4.jpg\" alt=\"\" width=\"830\" height=\"548\" srcset=\"https:\/\/les4h.fr\/wp-content\/uploads\/2023\/05\/IA_CHatgpt_machine-4.jpg 830w, https:\/\/les4h.fr\/wp-content\/uploads\/2023\/05\/IA_CHatgpt_machine-4-300x198.jpg 300w, https:\/\/les4h.fr\/wp-content\/uploads\/2023\/05\/IA_CHatgpt_machine-4-768x507.jpg 768w\" sizes=\"(max-width: 830px) 100vw, 830px\" \/><\/p>\t\t\t\t\t\t\t\t<\/div>\n\t\t\t\t<\/div>\n\t\t\t\t\t<\/div>\n\t\t<\/div>\n\t\t\t\t\t<\/div>\n\t\t<\/section>\n\t\t\t\t<\/div>\n\t\t","protected":false},"excerpt":{"rendered":"<p>La inteligencia artificial (IA) se ha convertido en una herramienta imprescindible para las empresas que quieren mejorar su rendimiento y sus procesos internos.<\/p>\n","protected":false},"author":1,"featured_media":0,"parent":0,"menu_order":0,"comment_status":"closed","ping_status":"closed","template":"","meta":{"site-sidebar-layout":"default","site-content-layout":"","ast-site-content-layout":"default","site-content-style":"default","site-sidebar-style":"default","ast-global-header-display":"","ast-banner-title-visibility":"","ast-main-header-display":"","ast-hfb-above-header-display":"","ast-hfb-below-header-display":"","ast-hfb-mobile-header-display":"","site-post-title":"","ast-breadcrumbs-content":"","ast-featured-img":"","footer-sml-layout":"","theme-transparent-header-meta":"","adv-header-id-meta":"","stick-header-meta":"","header-above-stick-meta":"","header-main-stick-meta":"","header-below-stick-meta":"","astra-migrate-meta-layouts":"default","ast-page-background-enabled":"default","ast-page-background-meta":{"desktop":{"background-color":"var(--ast-global-color-4)","background-image":"","background-repeat":"repeat","background-position":"center center","background-size":"auto","background-attachment":"scroll","background-type":"","background-media":"","overlay-type":"","overlay-color":"","overlay-opacity":"","overlay-gradient":""},"tablet":{"background-color":"","background-image":"","background-repeat":"repeat","background-position":"center center","background-size":"auto","background-attachment":"scroll","background-type":"","background-media":"","overlay-type":"","overlay-color":"","overlay-opacity":"","overlay-gradient":""},"mobile":{"background-color":"","background-image":"","background-repeat":"repeat","background-position":"center center","background-size":"auto","background-attachment":"scroll","background-type":"","background-media":"","overlay-type":"","overlay-color":"","overlay-opacity":"","overlay-gradient":""}},"ast-content-background-meta":{"desktop":{"background-color":"var(--ast-global-color-5)","background-image":"","background-repeat":"repeat","background-position":"center center","background-size":"auto","background-attachment":"scroll","background-type":"","background-media":"","overlay-type":"","overlay-color":"","overlay-opacity":"","overlay-gradient":""},"tablet":{"background-color":"var(--ast-global-color-5)","background-image":"","background-repeat":"repeat","background-position":"center center","background-size":"auto","background-attachment":"scroll","background-type":"","background-media":"","overlay-type":"","overlay-color":"","overlay-opacity":"","overlay-gradient":""},"mobile":{"background-color":"var(--ast-global-color-5)","background-image":"","background-repeat":"repeat","background-position":"center center","background-size":"auto","background-attachment":"scroll","background-type":"","background-media":"","overlay-type":"","overlay-color":"","overlay-opacity":"","overlay-gradient":""}},"footnotes":"\r\n\r\n\r\n\r\n\r\n\r\n\r\n\r\n\r\n\r\n\r\n\r\n\r\n\r\n\r\n\r\n\r\n\r\n\r\n\r\n\r\n\r\n\r\n\r\n\r\n\r\n\r\n\r\n\r\n\r\n\r\n\r\n\r\n"},"class_list":["post-8479","page","type-page","status-publish","hentry"],"_links":{"self":[{"href":"https:\/\/les4h.fr\/es\/wp-json\/wp\/v2\/pages\/8479","targetHints":{"allow":["GET"]}}],"collection":[{"href":"https:\/\/les4h.fr\/es\/wp-json\/wp\/v2\/pages"}],"about":[{"href":"https:\/\/les4h.fr\/es\/wp-json\/wp\/v2\/types\/page"}],"author":[{"embeddable":true,"href":"https:\/\/les4h.fr\/es\/wp-json\/wp\/v2\/users\/1"}],"replies":[{"embeddable":true,"href":"https:\/\/les4h.fr\/es\/wp-json\/wp\/v2\/comments?post=8479"}],"version-history":[{"count":0,"href":"https:\/\/les4h.fr\/es\/wp-json\/wp\/v2\/pages\/8479\/revisions"}],"wp:attachment":[{"href":"https:\/\/les4h.fr\/es\/wp-json\/wp\/v2\/media?parent=8479"}],"curies":[{"name":"wp","href":"https:\/\/api.w.org\/{rel}","templated":true}]}}