{"id":8473,"date":"2023-05-20T10:15:49","date_gmt":"2023-05-20T14:15:49","guid":{"rendered":"https:\/\/les4h.fr\/?page_id=8473"},"modified":"2025-12-21T11:23:22","modified_gmt":"2025-12-21T15:23:22","slug":"desplegando-oportunidades-como-abrir-un-mercado-en-las-exoticas-antillas","status":"publish","type":"page","link":"https:\/\/les4h.fr\/es\/desplegando-oportunidades-como-abrir-un-mercado-en-las-exoticas-antillas\/","title":{"rendered":"Desplegando Oportunidades: C\u00f3mo Abrir un Mercado en las Ex\u00f3ticas Antillas"},"content":{"rendered":"<p>\u201cLanza tu Marketplace en las Antillas: \u00a1Una soluci\u00f3n completa para tu \u00e9xito!\u201d<\/p>\n<p><img fetchpriority=\"high\" decoding=\"async\" class=\"aligncenter size-medium wp-image-7628\" src=\"https:\/\/les4h.fr\/wp-content\/uploads\/2023\/05\/marketplace-2-300x198.jpg\" alt=\"\" width=\"300\" height=\"198\" srcset=\"https:\/\/les4h.fr\/wp-content\/uploads\/2023\/05\/marketplace-2-300x198.jpg 300w, https:\/\/les4h.fr\/wp-content\/uploads\/2023\/05\/marketplace-2-768x507.jpg 768w, https:\/\/les4h.fr\/wp-content\/uploads\/2023\/05\/marketplace-2.jpg 830w\" sizes=\"(max-width: 300px) 100vw, 300px\" \/><\/p>\n<p>Lanzar un <strong>mercado en las Antillas<\/strong> Es una gran oportunidad para empresas que buscan crecer y diversificarse. <strong>Un mercado es una plataforma en l\u00ednea que permite a vendedores y compradores conectarse y realizar transacciones.<\/strong>. Las empresas que deseen lanzar un mercado en las Antillas deben tener en cuenta varios aspectos, entre ellos <strong>desarrollo del mercado de m\u00faltiples proveedores<\/strong>, <strong>inducci\u00f3n<\/strong> y la<strong> gesti\u00f3n de vendedores<\/strong>, all\u00e1 <strong>gesti\u00f3n de pedidos e inventario<\/strong>, as\u00ed como el <strong>procesando pago<\/strong>. Estos aspectos son esenciales para garantizar el \u00e9xito de su mercado. Adem\u00e1s, es importante comprender el mercado y las necesidades de los consumidores en las Antillas para poder desarrollar una plataforma que satisfaga sus expectativas.<\/p>\n<blockquote><p>Con una planificaci\u00f3n y ejecuci\u00f3n adecuadas, su mercado puede convertirse en un \u00e9xito y generar beneficios considerables.<\/p><\/blockquote>\n<h2 id=\"wpaicg-comment-lancer-une-place-de-marche-aux-antilles-les-etapes-a-suivre\">C\u00f3mo lanzar un Marketplace en las Antillas: los pasos a seguir<\/h2>\n<p>Etapa 1: <strong>Definir el tipo de productos y servicios a vender.<\/strong> en el mercado.<br \/>\nDeterminar el tipo de productos y servicios que se ofrecer\u00e1n en el mercado y garantizar que se adapten a las necesidades de los consumidores caribe\u00f1os.<\/p>\n<p>2do paso: <strong>Establecer un plan de negocios<\/strong>.<br \/>\nDesarrollar un plan de negocios detallado que describa el modelo de negocio, los objetivos a alcanzar, las estrategias de marketing y promoci\u00f3n, los costos y las previsiones de ingresos.<\/p>\n<p>Paso 3: <strong>Obtener las autorizaciones y licencias necesarias.<br \/>\n<\/strong>Obtener las autorizaciones y licencias necesarias para lanzar y operar un mercado en las Antillas.<\/p>\n<p>Etapa 4: <strong>Encuentra proveedores y vendedores<\/strong>.<br \/>\nEncuentre proveedores y vendedores confiables para poblar el mercado con productos y servicios de calidad.<\/p>\n<p>Paso 5: <strong>Desarrollar una plataforma de comercio electr\u00f3nico.<\/strong><br \/>\nDesarrollar una plataforma de comercio electr\u00f3nico segura y f\u00e1cil de usar para consumidores y vendedores.<\/p>\n<p>Paso 6: <strong>Promocionar el mercado.<\/strong><br \/>\nPromocionar el mercado utilizando estrategias de publicidad y marketing espec\u00edficas para llegar al p\u00fablico objetivo.<\/p>\n<p>Paso 7: <strong>Evaluar el desempe\u00f1o.<\/strong><br \/>\nEval\u00fae el desempe\u00f1o del mercado y realice cambios y mejoras bas\u00e1ndose en los comentarios de los consumidores y vendedores.<\/p>\n<h2><img decoding=\"async\" class=\"aligncenter wp-image-7633 size-full\" src=\"https:\/\/les4h.fr\/wp-content\/uploads\/2023\/05\/marketplace-5-1.jpg\" alt=\"\" width=\"830\" height=\"548\" srcset=\"https:\/\/les4h.fr\/wp-content\/uploads\/2023\/05\/marketplace-5-1.jpg 830w, https:\/\/les4h.fr\/wp-content\/uploads\/2023\/05\/marketplace-5-1-300x198.jpg 300w, https:\/\/les4h.fr\/wp-content\/uploads\/2023\/05\/marketplace-5-1-768x507.jpg 768w\" sizes=\"(max-width: 830px) 100vw, 830px\" \/><\/h2>\n<h2><\/h2>\n<h2 id=\"wpaicg-les-avantages-de-lancer-une-place-de-marche-aux-antilles\">Las ventajas de lanzar un mercado en las Antillas<\/h2>\n<p>Lanzar un mercado en las Antillas ofrece muchas ventajas para empresas y consumidores. En primer lugar, las Indias Occidentales son un <strong>regi\u00f3n rica en recursos naturales<\/strong> y en <strong>Productos agr\u00edcolas<\/strong>, convirti\u00e9ndolo en un lugar ideal para el comercio. Adem\u00e1s, la regi\u00f3n est\u00e1 bien conectada con otros pa\u00edses del Caribe y Am\u00e9rica del Sur, lo que facilita el transporte de mercanc\u00edas.<\/p>\n<p>Adem\u00e1s, las Antillas son un lugar favorito para las empresas que buscan expandirse en la regi\u00f3n. La regi\u00f3n ofrece <strong>condiciones favorables para las empresas<\/strong>, en particular <strong>regulaciones comerciales y fiscales ventajosas<\/strong>, desde <strong>infraestructura moderna<\/strong> y los <strong>Servicios de calidad<\/strong>.<\/p>\n<p>Finalmente, el <strong>consumidores en las Indias Occidentales<\/strong> se beneficiar\u00e1n de una mayor variedad de productos y servicios a precios competitivos. Las empresas tambi\u00e9n podr\u00e1n beneficiarse de una mayor visibilidad y mayor accesibilidad a sus productos y servicios.<\/p>\n<p>En suma, <strong>Lanzar un Marketplace en las Antillas es una excelente oportunidad<\/strong> para <strong>compa\u00f1\u00edas<\/strong> y los <strong>consumidores<\/strong>. Los beneficios son numerosos y pueden ayudar a estimular la econom\u00eda local y crear empleos.<\/p>\n<p><img decoding=\"async\" class=\"aligncenter size-medium wp-image-7631\" src=\"https:\/\/les4h.fr\/wp-content\/uploads\/2023\/05\/marketplace-3-1-300x198.jpg\" alt=\"\" width=\"300\" height=\"198\" srcset=\"https:\/\/les4h.fr\/wp-content\/uploads\/2023\/05\/marketplace-3-1-300x198.jpg 300w, https:\/\/les4h.fr\/wp-content\/uploads\/2023\/05\/marketplace-3-1-768x507.jpg 768w, https:\/\/les4h.fr\/wp-content\/uploads\/2023\/05\/marketplace-3-1.jpg 830w\" sizes=\"(max-width: 300px) 100vw, 300px\" \/><\/p>\n<h2 id=\"wpaicg-comment-gerer-les-fournisseurs-et-les-vendeurs-sur-une-place-de-marche-aux-antilles\">C\u00f3mo gestionar proveedores y vendedores en un mercado de las Indias Occidentales<\/h2>\n<p>Los proveedores y vendedores son actores esenciales en un mercado en las Antillas. Para gestionar eficazmente a estos actores, es importante establecer procedimientos claros y reglas estrictas.<\/p>\n<p>En primer lugar, el <strong>Los proveedores y vendedores deben estar registrados y su informaci\u00f3n verificada.<\/strong>. Los proveedores deben proporcionar informaci\u00f3n sobre sus productos y servicios, as\u00ed como evidencia de su capacidad para proporcionar estos productos y servicios. Los vendedores deben proporcionar informaci\u00f3n sobre sus productos y servicios, as\u00ed como evidencia de su capacidad para venderlos.<\/p>\n<p>A continuaci\u00f3n, se debe exigir a los proveedores y vendedores que sigan las reglas y procedimientos del mercado. EL<strong> Los proveedores deben proporcionar productos y servicios de calidad y cumplir con los tiempos de entrega.<\/strong>. EL <strong>Los vendedores deben ofrecer productos y servicios a precios justos y cumplir con los plazos de entrega.<\/strong><\/p>\n<p>Finalmente, se debe exigir a los proveedores y vendedores el cumplimiento de las leyes y reglamentos vigentes en las Antillas. Los proveedores y vendedores deben asegurarse de que sus <strong>Los productos y servicios cumplen con las normas y regulaciones vigentes.<\/strong>.<\/p>\n<p>Al implementar estos procedimientos y garantizar que los proveedores y vendedores cumplan con las normas y leyes vigentes, un <strong>El mercado de las Indias Occidentales se puede gestionar de manera eficiente y profesional.<\/strong><\/p>\n<p>En conclusi\u00f3n, el <strong>desarrollo de un mercado en las Antillas<\/strong> es una<strong> Excelente oportunidad para negocios locales e internacionales.<\/strong> Proporciona una plataforma para proveedores y compradores y permite a las empresas beneficiarse de una presencia en l\u00ednea y una mayor visibilidad. Funciones como la incorporaci\u00f3n y gesti\u00f3n de vendedores, la gesti\u00f3n de pedidos e inventario y el procesamiento de pagos son esenciales para garantizar el \u00e9xito en el mercado.<\/p>\n<blockquote><p>Con una planificaci\u00f3n e implementaci\u00f3n adecuadas, desarrollar un mercado en las Indias Occidentales puede ser una gran oportunidad para las empresas locales e internacionales.<\/p><\/blockquote>\n","protected":false},"excerpt":{"rendered":"<p>\u201cLanza tu Marketplace en las Antillas: \u00a1Una soluci\u00f3n completa para tu \u00e9xito!\u201d Lanzar un mercado en las Antillas Es una gran oportunidad para empresas que buscan crecer y diversificarse. Un mercado es una plataforma en l\u00ednea que permite a vendedores y compradores conectarse y realizar transacciones.. Las empresas que deseen lanzar un mercado en las [&hellip;]<\/p>\n","protected":false},"author":1,"featured_media":0,"parent":0,"menu_order":0,"comment_status":"closed","ping_status":"closed","template":"","meta":{"site-sidebar-layout":"default","site-content-layout":"","ast-site-content-layout":"default","site-content-style":"default","site-sidebar-style":"default","ast-global-header-display":"","ast-banner-title-visibility":"","ast-main-header-display":"","ast-hfb-above-header-display":"","ast-hfb-below-header-display":"","ast-hfb-mobile-header-display":"","site-post-title":"","ast-breadcrumbs-content":"","ast-featured-img":"","footer-sml-layout":"","theme-transparent-header-meta":"","adv-header-id-meta":"","stick-header-meta":"","header-above-stick-meta":"","header-main-stick-meta":"","header-below-stick-meta":"","astra-migrate-meta-layouts":"default","ast-page-background-enabled":"default","ast-page-background-meta":{"desktop":{"background-color":"var(--ast-global-color-4)","background-image":"","background-repeat":"repeat","background-position":"center center","background-size":"auto","background-attachment":"scroll","background-type":"","background-media":"","overlay-type":"","overlay-color":"","overlay-opacity":"","overlay-gradient":""},"tablet":{"background-color":"","background-image":"","background-repeat":"repeat","background-position":"center center","background-size":"auto","background-attachment":"scroll","background-type":"","background-media":"","overlay-type":"","overlay-color":"","overlay-opacity":"","overlay-gradient":""},"mobile":{"background-color":"","background-image":"","background-repeat":"repeat","background-position":"center center","background-size":"auto","background-attachment":"scroll","background-type":"","background-media":"","overlay-type":"","overlay-color":"","overlay-opacity":"","overlay-gradient":""}},"ast-content-background-meta":{"desktop":{"background-color":"var(--ast-global-color-5)","background-image":"","background-repeat":"repeat","background-position":"center center","background-size":"auto","background-attachment":"scroll","background-type":"","background-media":"","overlay-type":"","overlay-color":"","overlay-opacity":"","overlay-gradient":""},"tablet":{"background-color":"var(--ast-global-color-5)","background-image":"","background-repeat":"repeat","background-position":"center center","background-size":"auto","background-attachment":"scroll","background-type":"","background-media":"","overlay-type":"","overlay-color":"","overlay-opacity":"","overlay-gradient":""},"mobile":{"background-color":"var(--ast-global-color-5)","background-image":"","background-repeat":"repeat","background-position":"center center","background-size":"auto","background-attachment":"scroll","background-type":"","background-media":"","overlay-type":"","overlay-color":"","overlay-opacity":"","overlay-gradient":""}},"footnotes":""},"class_list":["post-8473","page","type-page","status-publish","hentry"],"_links":{"self":[{"href":"https:\/\/les4h.fr\/es\/wp-json\/wp\/v2\/pages\/8473","targetHints":{"allow":["GET"]}}],"collection":[{"href":"https:\/\/les4h.fr\/es\/wp-json\/wp\/v2\/pages"}],"about":[{"href":"https:\/\/les4h.fr\/es\/wp-json\/wp\/v2\/types\/page"}],"author":[{"embeddable":true,"href":"https:\/\/les4h.fr\/es\/wp-json\/wp\/v2\/users\/1"}],"replies":[{"embeddable":true,"href":"https:\/\/les4h.fr\/es\/wp-json\/wp\/v2\/comments?post=8473"}],"version-history":[{"count":0,"href":"https:\/\/les4h.fr\/es\/wp-json\/wp\/v2\/pages\/8473\/revisions"}],"wp:attachment":[{"href":"https:\/\/les4h.fr\/es\/wp-json\/wp\/v2\/media?parent=8473"}],"curies":[{"name":"wp","href":"https:\/\/api.w.org\/{rel}","templated":true}]}}