{"id":8461,"date":"2023-05-20T10:36:13","date_gmt":"2023-05-20T14:36:13","guid":{"rendered":"https:\/\/les4h.fr\/?page_id=8461"},"modified":"2025-12-21T11:22:20","modified_gmt":"2025-12-21T15:22:20","slug":"aumenta-tu-trafico-de-internet","status":"publish","type":"page","link":"https:\/\/les4h.fr\/es\/aumenta-tu-trafico-de-internet\/","title":{"rendered":"Aumenta tu tr\u00e1fico de Internet"},"content":{"rendered":"<p>\u201cDescubre nuestras ofertas SEO: \u00a1Optimiza tu presencia online y consigue m\u00e1s visibilidad!\u201d<\/p>\n<p>Bienvenido a nuestra p\u00e1gina dedicada a descubrir nuestras ofertas SEO. Ofrecemos servicios de<strong>optimizaci\u00f3n en la p\u00e1gina<\/strong>, de<strong>optimizaci\u00f3n fuera de la p\u00e1gina<\/strong>, de <strong>investigaci\u00f3n de palabras clave<\/strong> y <strong>SEO local<\/strong>. Nuestro objetivo es ayudarle a mejorar su visibilidad en l\u00ednea y aumentar el tr\u00e1fico a su sitio web. Te ofrecemos <strong>soluciones personalizadas<\/strong> y los <strong>Consejo profesional<\/strong> para ayudarte a alcanzar tus objetivos. <img fetchpriority=\"high\" decoding=\"async\" class=\"aligncenter size-medium wp-image-7655\" src=\"https:\/\/les4h.fr\/wp-content\/uploads\/2023\/05\/seo-3-300x198.jpg\" alt=\"\" width=\"300\" height=\"198\" srcset=\"https:\/\/les4h.fr\/wp-content\/uploads\/2023\/05\/seo-3-300x198.jpg 300w, https:\/\/les4h.fr\/wp-content\/uploads\/2023\/05\/seo-3-768x507.jpg 768w, https:\/\/les4h.fr\/wp-content\/uploads\/2023\/05\/seo-3.jpg 830w\" sizes=\"(max-width: 300px) 100vw, 300px\" \/><\/p>\n<h2 id=\"wpaicg-comment-optimiser-votre-site-web-pour-le-referencement-seo-une-introduction-a-loptimisation-on-page\">C\u00f3mo optimizar su sitio web para SEO: una introducci\u00f3n a la optimizaci\u00f3n en la p\u00e1gina<\/h2>\n<p>La optimizaci\u00f3n SEO es una parte esencial para mejorar la visibilidad y el alcance de su sitio web. Una buena optimizaci\u00f3n SEO puede ayudarte <strong>llegar a m\u00e1s clientes<\/strong> y para <strong>aumentar el tr\u00e1fico a su sitio.<\/strong> La optimizaci\u00f3n en la p\u00e1gina es uno de los aspectos principales de la optimizaci\u00f3n SEO e incluye<strong>uso de palabras clave,<\/strong> all\u00e1 <strong>creaci\u00f3n de contenido de calidad<\/strong> y el<strong>usando etiquetas HTML apropiadas<\/strong>.<\/p>\n<p>Al optimizar su sitio web para SEO, puede mejorar su clasificaci\u00f3n de b\u00fasqueda y aumentar el tr\u00e1fico a su sitio. Para optimizar su sitio web, primero debe identificar palabras clave que sean relevantes para su negocio e industria. Luego deber\u00edas incorporar estas palabras clave en tu contenido y etiquetas HTML. Tambi\u00e9n debe asegurarse de que su contenido sea relevante y de calidad, y de que tenga enlaces entrantes y salientes relevantes.<\/p>\n<p>Finalmente, debe monitorear y analizar el rendimiento de su sitio web para asegurarse de obtener los mejores resultados posibles. Si sigue estos pasos, puede mejorar su clasificaci\u00f3n de b\u00fasqueda y aumentar el tr\u00e1fico a su sitio web.<\/p>\n<h2 id=\"wpaicg-comment-ameliorer-votre-referencement-seo-avec-loptimisation-off-page\">C\u00f3mo mejorar tu SEO con optimizaci\u00f3n off-page<\/h2>\n<p><img decoding=\"async\" class=\"aligncenter size-full wp-image-7656\" src=\"https:\/\/les4h.fr\/wp-content\/uploads\/2023\/05\/seo-4.jpg\" alt=\"\" width=\"830\" height=\"548\" srcset=\"https:\/\/les4h.fr\/wp-content\/uploads\/2023\/05\/seo-4.jpg 830w, https:\/\/les4h.fr\/wp-content\/uploads\/2023\/05\/seo-4-300x198.jpg 300w, https:\/\/les4h.fr\/wp-content\/uploads\/2023\/05\/seo-4-768x507.jpg 768w\" sizes=\"(max-width: 830px) 100vw, 830px\" \/><br \/>\nLa optimizaci\u00f3n off-page es un elemento esencial para mejorar tu SEO. Se trata de la promoci\u00f3n de su sitio web y sus contenidos en plataformas externas para mejorar su visibilidad y su clasificaci\u00f3n en los resultados de b\u00fasqueda. Aqu\u00ed hay algunas formas de mejorar su SEO con optimizaci\u00f3n fuera de la p\u00e1gina:<\/p>\n<p>1. Crear <strong>enlaces entrantes de calidad<\/strong>.<br \/>\nLos enlaces entrantes son enlaces que apuntan a su sitio web desde otros sitios web. Cuantos m\u00e1s enlaces entrantes de calidad tenga, m\u00e1s relevante y confiable ser\u00e1 su sitio web por parte de los motores de b\u00fasqueda.<\/p>\n<p>2. <strong>Compartir<\/strong> tu contenido en <strong>redes sociales<\/strong>.<br \/>\nLas redes sociales son una excelente manera de promocionar su sitio web y atraer tr\u00e1fico a su sitio. Aseg\u00farese de compartir peri\u00f3dicamente contenido que sea interesante y relevante para su p\u00fablico objetivo.<\/p>\n<p>3. Participar en <strong>foros<\/strong> y para <strong>comunidades<\/strong> <strong>en l\u00ednea<\/strong>.<br \/>\nLos foros y comunidades en l\u00ednea son lugares donde las personas pueden discutir y compartir informaci\u00f3n. Participar en estas comunidades puede ayudarle a construir su reputaci\u00f3n y mejorar su SEO.<\/p>\n<p>4. Crear <strong>contenido de calidad<\/strong>.<br \/>\nEl contenido de calidad es esencial para mejorar tu SEO. Aseg\u00farese de crear contenido que sea relevante, informativo e interesante para su p\u00fablico objetivo.<\/p>\n<p>Si sigue estos consejos, podr\u00e1 mejorar su SEO con optimizaci\u00f3n fuera de la p\u00e1gina. Sin embargo, es importante tener en cuenta que la optimizaci\u00f3n fuera de la p\u00e1gina es un proceso a largo plazo y los resultados pueden tardar en manifestarse.<\/p>\n<p><img decoding=\"async\" class=\"aligncenter wp-image-7657 size-full\" src=\"https:\/\/les4h.fr\/wp-content\/uploads\/2023\/05\/seo-1.jpg\" alt=\"\" width=\"830\" height=\"548\" srcset=\"https:\/\/les4h.fr\/wp-content\/uploads\/2023\/05\/seo-1.jpg 830w, https:\/\/les4h.fr\/wp-content\/uploads\/2023\/05\/seo-1-300x198.jpg 300w, https:\/\/les4h.fr\/wp-content\/uploads\/2023\/05\/seo-1-768x507.jpg 768w\" sizes=\"(max-width: 830px) 100vw, 830px\" \/><\/p>\n<h2 id=\"wpaicg-comment-trouver-les-bons-mots-cles-pour-votre-referencement-seo-et-comment-les-utiliser-pour-le-referencement-local\">C\u00f3mo encontrar las palabras clave adecuadas para su SEO y c\u00f3mo utilizarlas para el SEO local<\/h2>\n<p>Encontrar las palabras clave adecuadas para su SEO es esencial para mejorar su visibilidad y clasificaci\u00f3n en los resultados de b\u00fasqueda. Para encontrar las palabras clave adecuadas, primero debe comprender las palabras clave que busca su p\u00fablico objetivo. Puede utilizar herramientas como Google Trends, Google Keyword Planner y SEMrush para investigar palabras clave relevantes y populares. Una vez que encuentre palabras clave relevantes, puede utilizarlas para optimizar su contenido y sitio web para SEO local. Puede incluir palabras clave relevantes en su t\u00edtulo, URL, contenido y metaetiquetas. Tambi\u00e9n puede crear p\u00e1ginas de destino locales para orientar palabras clave locales y agregar informaci\u00f3n local a su contenido. Finalmente, puede crear enlaces a su sitio web desde sitios web locales para mejorar su SEO local.<\/p>\n<blockquote><p>Nuestras ofertas de SEO son una excelente opci\u00f3n para las empresas que buscan mejorar su visibilidad en l\u00ednea. Los servicios ofrecidos incluyen optimizaci\u00f3n dentro de la p\u00e1gina, optimizaci\u00f3n fuera de la p\u00e1gina, investigaci\u00f3n de palabras clave y SEO local. Estos servicios est\u00e1n dise\u00f1ados para ayudar a las empresas a alcanzar sus objetivos de marketing y mejorar su presencia en l\u00ednea.<\/p><\/blockquote>\n","protected":false},"excerpt":{"rendered":"<p>Nuestras ofertas de SEO son una excelente opci\u00f3n para las empresas que buscan mejorar su visibilidad en l\u00ednea. Los servicios ofrecidos incluyen optimizaci\u00f3n dentro de la p\u00e1gina, optimizaci\u00f3n fuera de la p\u00e1gina, investigaci\u00f3n de palabras clave y SEO local. Estos servicios est\u00e1n dise\u00f1ados para ayudar a las empresas a alcanzar sus objetivos de marketing y mejorar su presencia en l\u00ednea.<\/p>\n","protected":false},"author":1,"featured_media":0,"parent":0,"menu_order":0,"comment_status":"closed","ping_status":"closed","template":"","meta":{"site-sidebar-layout":"default","site-content-layout":"","ast-site-content-layout":"default","site-content-style":"default","site-sidebar-style":"default","ast-global-header-display":"","ast-banner-title-visibility":"","ast-main-header-display":"","ast-hfb-above-header-display":"","ast-hfb-below-header-display":"","ast-hfb-mobile-header-display":"","site-post-title":"","ast-breadcrumbs-content":"","ast-featured-img":"","footer-sml-layout":"","theme-transparent-header-meta":"","adv-header-id-meta":"","stick-header-meta":"","header-above-stick-meta":"","header-main-stick-meta":"","header-below-stick-meta":"","astra-migrate-meta-layouts":"default","ast-page-background-enabled":"default","ast-page-background-meta":{"desktop":{"background-color":"var(--ast-global-color-4)","background-image":"","background-repeat":"repeat","background-position":"center center","background-size":"auto","background-attachment":"scroll","background-type":"","background-media":"","overlay-type":"","overlay-color":"","overlay-opacity":"","overlay-gradient":""},"tablet":{"background-color":"","background-image":"","background-repeat":"repeat","background-position":"center center","background-size":"auto","background-attachment":"scroll","background-type":"","background-media":"","overlay-type":"","overlay-color":"","overlay-opacity":"","overlay-gradient":""},"mobile":{"background-color":"","background-image":"","background-repeat":"repeat","background-position":"center center","background-size":"auto","background-attachment":"scroll","background-type":"","background-media":"","overlay-type":"","overlay-color":"","overlay-opacity":"","overlay-gradient":""}},"ast-content-background-meta":{"desktop":{"background-color":"var(--ast-global-color-5)","background-image":"","background-repeat":"repeat","background-position":"center center","background-size":"auto","background-attachment":"scroll","background-type":"","background-media":"","overlay-type":"","overlay-color":"","overlay-opacity":"","overlay-gradient":""},"tablet":{"background-color":"var(--ast-global-color-5)","background-image":"","background-repeat":"repeat","background-position":"center center","background-size":"auto","background-attachment":"scroll","background-type":"","background-media":"","overlay-type":"","overlay-color":"","overlay-opacity":"","overlay-gradient":""},"mobile":{"background-color":"var(--ast-global-color-5)","background-image":"","background-repeat":"repeat","background-position":"center center","background-size":"auto","background-attachment":"scroll","background-type":"","background-media":"","overlay-type":"","overlay-color":"","overlay-opacity":"","overlay-gradient":""}},"footnotes":""},"class_list":["post-8461","page","type-page","status-publish","hentry"],"_links":{"self":[{"href":"https:\/\/les4h.fr\/es\/wp-json\/wp\/v2\/pages\/8461","targetHints":{"allow":["GET"]}}],"collection":[{"href":"https:\/\/les4h.fr\/es\/wp-json\/wp\/v2\/pages"}],"about":[{"href":"https:\/\/les4h.fr\/es\/wp-json\/wp\/v2\/types\/page"}],"author":[{"embeddable":true,"href":"https:\/\/les4h.fr\/es\/wp-json\/wp\/v2\/users\/1"}],"replies":[{"embeddable":true,"href":"https:\/\/les4h.fr\/es\/wp-json\/wp\/v2\/comments?post=8461"}],"version-history":[{"count":0,"href":"https:\/\/les4h.fr\/es\/wp-json\/wp\/v2\/pages\/8461\/revisions"}],"wp:attachment":[{"href":"https:\/\/les4h.fr\/es\/wp-json\/wp\/v2\/media?parent=8461"}],"curies":[{"name":"wp","href":"https:\/\/api.w.org\/{rel}","templated":true}]}}