{"id":8458,"date":"2023-05-20T10:43:31","date_gmt":"2023-05-20T14:43:31","guid":{"rendered":"https:\/\/les4h.fr\/?page_id=8458"},"modified":"2025-12-21T11:23:57","modified_gmt":"2025-12-21T15:23:57","slug":"impulsa-tu-presencia-digital","status":"publish","type":"page","link":"https:\/\/les4h.fr\/es\/impulsa-tu-presencia-digital\/","title":{"rendered":"Impulsa tu presencia digital"},"content":{"rendered":"<p>\u00abEval\u00faa tu presencia digital y desarrolla tu marca con auditor\u00edas de SEO, E-commerce, Social Media y Analytics.\u00bb<\/p>\n<p>yo<strong>evaluaci\u00f3n de presencia digital<\/strong> de tu marca es <strong>b\u00e1sico<\/strong> para asegurarse de que pueda tirar del <strong>saca m\u00e1s provecho de tu presencia en l\u00ednea<\/strong>. Existen varias herramientas y m\u00e9todos para evaluar la presencia digital de su marca, incluyendo<strong>auditor\u00eda SEO<\/strong>, l&#8217;<strong>auditor\u00eda de comercio electr\u00f3nico<\/strong>, l&#8217;<strong>auditor\u00eda de redes sociales<\/strong> y el<strong>auditor\u00eda anal\u00edtica<\/strong>. Estas auditor\u00edas pueden ayudarlo a identificar \u00e1reas donde puede mejorar su presencia digital y desarrollar estrategias para lograr sus objetivos.<\/p>\n<p><img fetchpriority=\"high\" decoding=\"async\" class=\"aligncenter size-medium wp-image-7668\" src=\"https:\/\/les4h.fr\/wp-content\/uploads\/2023\/05\/4-300x198.jpg\" alt=\"\" width=\"300\" height=\"198\" srcset=\"https:\/\/les4h.fr\/wp-content\/uploads\/2023\/05\/4-300x198.jpg 300w, https:\/\/les4h.fr\/wp-content\/uploads\/2023\/05\/4-768x507.jpg 768w, https:\/\/les4h.fr\/wp-content\/uploads\/2023\/05\/4.jpg 830w\" sizes=\"(max-width: 300px) 100vw, 300px\" \/><\/p>\n<h2 id=\"wpaicg-comment-evaluer-la-presence-digitale-de-votre-marque-avec-un-audit-seo\">\u00bfC\u00f3mo evaluar la presencia digital de tu marca con una auditor\u00eda SEO?<\/h2>\n<p>A <strong>auditor\u00eda SEO<\/strong> es una excelente manera de evaluar la presencia digital de su marca. Puede ayudarle a identificar \u00e1reas donde puede mejorar su presencia en l\u00ednea y aumentar su visibilidad en los motores de b\u00fasqueda. Una auditor\u00eda SEO puede ayudarlo a identificar las palabras clave y frases clave que son m\u00e1s relevantes para su marca y determinar c\u00f3mo puede usarlas para mejorar su clasificaci\u00f3n de b\u00fasqueda. Tambi\u00e9n puede ayudarle a identificar enlaces entrantes y salientes que sean relevantes para su marca y determinar c\u00f3mo puede utilizarlos para mejorar su SEO. Finalmente, una auditor\u00eda SEO puede ayudarlo a identificar errores t\u00e9cnicos que pueden estar perjudicando su clasificaci\u00f3n y determinar c\u00f3mo corregirlos.<\/p>\n<h2 id=\"wpaicg-comment-evaluer-la-presence-digitale-de-votre-marque-avec-un-audit-e-commerce\">\u00bfC\u00f3mo evaluar la presencia digital de tu marca con una auditor\u00eda de comercio electr\u00f3nico?<\/h2>\n<p>A <strong>auditor\u00eda de comercio electr\u00f3nico<\/strong> es una excelente manera de evaluar la presencia digital de su marca. Puede ayudarle a identificar las fortalezas y debilidades de su sitio web y su estrategia de marketing online. Una auditor\u00eda de comercio electr\u00f3nico tambi\u00e9n puede ayudarlo a comprender c\u00f3mo los consumidores perciben su marca y determinar si sus esfuerzos de marketing son efectivos.<\/p>\n<p>Se puede realizar una auditor\u00eda de comercio electr\u00f3nico examinando su sitio web y analizando el tr\u00e1fico y los datos de conversi\u00f3n. Tambi\u00e9n puede incluir an\u00e1lisis de redes sociales y campa\u00f1as publicitarias en l\u00ednea. Una vez completada la auditor\u00eda, comprender\u00e1 mejor c\u00f3mo se percibe su marca y c\u00f3mo puede mejorar su presencia digital.<\/p>\n<p><img decoding=\"async\" class=\"aligncenter wp-image-7669 size-full\" src=\"https:\/\/les4h.fr\/wp-content\/uploads\/2023\/05\/1.jpg\" alt=\"\" width=\"830\" height=\"548\" srcset=\"https:\/\/les4h.fr\/wp-content\/uploads\/2023\/05\/1.jpg 830w, https:\/\/les4h.fr\/wp-content\/uploads\/2023\/05\/1-300x198.jpg 300w, https:\/\/les4h.fr\/wp-content\/uploads\/2023\/05\/1-768x507.jpg 768w\" sizes=\"(max-width: 830px) 100vw, 830px\" \/><\/p>\n<h2 id=\"wpaicg-comment-evaluer-la-presence-digitale-de-votre-marque-avec-un-audit-des-medias-sociaux\">\u00bfC\u00f3mo evaluar la presencia digital de tu marca con una auditor\u00eda de redes sociales?<\/h2>\n<p>La auditor\u00eda de redes sociales es una herramienta esencial para evaluar la<strong> presencia digital de tu marca<\/strong>. Le permite comprender c\u00f3mo los consumidores perciben su marca y determinar si su <strong>Los esfuerzos de marketing son efectivos.<\/strong>. Una auditor\u00eda de redes sociales puede ayudarlo a identificar las oportunidades y desaf\u00edos que enfrenta su marca y desarrollar estrategias para mejorar su presencia digital.<\/p>\n<p>Para realizar una auditor\u00eda de redes sociales, primero debes determinar qu\u00e9 redes sociales son m\u00e1s relevantes para tu marca. Luego debes analizar el contenido que publicas en estas redes y evaluar c\u00f3mo lo percibe tu p\u00fablico objetivo. Tambi\u00e9n debes observar el desempe\u00f1o de tu marca en las redes sociales, analizando la cantidad de seguidores, la tasa de participaci\u00f3n y la cantidad de menciones.<\/p>\n<p>Finalmente, debes comparar tu presencia digital con la de tus competidores y determinar c\u00f3mo puedes mejorar tu estrategia de marketing digital. Una auditor\u00eda de redes sociales puede ayudarlo a comprender c\u00f3mo se percibe su marca y desarrollar estrategias para mejorar su presencia digital.<\/p>\n<p><img decoding=\"async\" class=\"aligncenter wp-image-7666 size-full\" src=\"https:\/\/les4h.fr\/wp-content\/uploads\/2023\/05\/2.jpg\" alt=\"\" width=\"830\" height=\"548\" srcset=\"https:\/\/les4h.fr\/wp-content\/uploads\/2023\/05\/2.jpg 830w, https:\/\/les4h.fr\/wp-content\/uploads\/2023\/05\/2-300x198.jpg 300w, https:\/\/les4h.fr\/wp-content\/uploads\/2023\/05\/2-768x507.jpg 768w\" sizes=\"(max-width: 830px) 100vw, 830px\" \/><\/p>\n<blockquote><p>Evaluar la presencia digital de su marca es un proceso esencial para comprender c\u00f3mo se percibe su marca en l\u00ednea y c\u00f3mo se puede mejorar. Las auditor\u00edas de SEO, comercio electr\u00f3nico, redes sociales y an\u00e1lisis son herramientas valiosas que le ayudar\u00e1n a comprender c\u00f3mo se percibe su marca y c\u00f3mo se puede mejorar. Al utilizar estas herramientas, puede identificar \u00e1reas en las que puede mejorar su presencia digital y as\u00ed mejorar su visibilidad y participaci\u00f3n en l\u00ednea.<\/p><\/blockquote>\n","protected":false},"excerpt":{"rendered":"<p>Evaluar la presencia digital de su marca es un proceso esencial para comprender c\u00f3mo se percibe su marca en l\u00ednea y c\u00f3mo se puede mejorar. Las auditor\u00edas de SEO, comercio electr\u00f3nico, redes sociales y an\u00e1lisis son herramientas valiosas que le ayudar\u00e1n a comprender c\u00f3mo se percibe su marca y c\u00f3mo se puede mejorar. Al utilizar estas herramientas, puede identificar \u00e1reas en las que puede mejorar su presencia digital y as\u00ed mejorar su visibilidad y participaci\u00f3n en l\u00ednea.<\/p>\n","protected":false},"author":1,"featured_media":0,"parent":0,"menu_order":0,"comment_status":"closed","ping_status":"closed","template":"","meta":{"site-sidebar-layout":"default","site-content-layout":"","ast-site-content-layout":"default","site-content-style":"default","site-sidebar-style":"default","ast-global-header-display":"","ast-banner-title-visibility":"","ast-main-header-display":"","ast-hfb-above-header-display":"","ast-hfb-below-header-display":"","ast-hfb-mobile-header-display":"","site-post-title":"","ast-breadcrumbs-content":"","ast-featured-img":"","footer-sml-layout":"","theme-transparent-header-meta":"","adv-header-id-meta":"","stick-header-meta":"","header-above-stick-meta":"","header-main-stick-meta":"","header-below-stick-meta":"","astra-migrate-meta-layouts":"default","ast-page-background-enabled":"default","ast-page-background-meta":{"desktop":{"background-color":"var(--ast-global-color-4)","background-image":"","background-repeat":"repeat","background-position":"center center","background-size":"auto","background-attachment":"scroll","background-type":"","background-media":"","overlay-type":"","overlay-color":"","overlay-opacity":"","overlay-gradient":""},"tablet":{"background-color":"","background-image":"","background-repeat":"repeat","background-position":"center center","background-size":"auto","background-attachment":"scroll","background-type":"","background-media":"","overlay-type":"","overlay-color":"","overlay-opacity":"","overlay-gradient":""},"mobile":{"background-color":"","background-image":"","background-repeat":"repeat","background-position":"center center","background-size":"auto","background-attachment":"scroll","background-type":"","background-media":"","overlay-type":"","overlay-color":"","overlay-opacity":"","overlay-gradient":""}},"ast-content-background-meta":{"desktop":{"background-color":"var(--ast-global-color-5)","background-image":"","background-repeat":"repeat","background-position":"center center","background-size":"auto","background-attachment":"scroll","background-type":"","background-media":"","overlay-type":"","overlay-color":"","overlay-opacity":"","overlay-gradient":""},"tablet":{"background-color":"var(--ast-global-color-5)","background-image":"","background-repeat":"repeat","background-position":"center center","background-size":"auto","background-attachment":"scroll","background-type":"","background-media":"","overlay-type":"","overlay-color":"","overlay-opacity":"","overlay-gradient":""},"mobile":{"background-color":"var(--ast-global-color-5)","background-image":"","background-repeat":"repeat","background-position":"center center","background-size":"auto","background-attachment":"scroll","background-type":"","background-media":"","overlay-type":"","overlay-color":"","overlay-opacity":"","overlay-gradient":""}},"footnotes":""},"class_list":["post-8458","page","type-page","status-publish","hentry"],"_links":{"self":[{"href":"https:\/\/les4h.fr\/es\/wp-json\/wp\/v2\/pages\/8458","targetHints":{"allow":["GET"]}}],"collection":[{"href":"https:\/\/les4h.fr\/es\/wp-json\/wp\/v2\/pages"}],"about":[{"href":"https:\/\/les4h.fr\/es\/wp-json\/wp\/v2\/types\/page"}],"author":[{"embeddable":true,"href":"https:\/\/les4h.fr\/es\/wp-json\/wp\/v2\/users\/1"}],"replies":[{"embeddable":true,"href":"https:\/\/les4h.fr\/es\/wp-json\/wp\/v2\/comments?post=8458"}],"version-history":[{"count":0,"href":"https:\/\/les4h.fr\/es\/wp-json\/wp\/v2\/pages\/8458\/revisions"}],"wp:attachment":[{"href":"https:\/\/les4h.fr\/es\/wp-json\/wp\/v2\/media?parent=8458"}],"curies":[{"name":"wp","href":"https:\/\/api.w.org\/{rel}","templated":true}]}}