{"id":8448,"date":"2023-05-20T11:05:27","date_gmt":"2023-05-20T15:05:27","guid":{"rendered":"https:\/\/les4h.fr\/?page_id=8448"},"modified":"2025-12-21T11:27:18","modified_gmt":"2025-12-21T15:27:18","slug":"migrar-a-la-nube","status":"publish","type":"page","link":"https:\/\/les4h.fr\/es\/migrar-a-la-nube\/","title":{"rendered":"Migrar a la nube"},"content":{"rendered":"\t\t<div data-elementor-type=\"wp-page\" data-elementor-id=\"8448\" class=\"elementor elementor-8448 elementor-7686\" data-elementor-post-type=\"page\">\n\t\t\t\t\t\t<section class=\"elementor-section elementor-top-section elementor-element elementor-element-6f0a6915 elementor-section-boxed elementor-section-height-default elementor-section-height-default\" data-id=\"6f0a6915\" data-element_type=\"section\">\n\t\t\t\t\t\t<div class=\"elementor-container elementor-column-gap-default\">\n\t\t\t\t\t<div class=\"elementor-column elementor-col-100 elementor-top-column elementor-element elementor-element-62896b8e\" data-id=\"62896b8e\" data-element_type=\"column\">\n\t\t\t<div class=\"elementor-widget-wrap elementor-element-populated\">\n\t\t\t\t\t\t<div class=\"elementor-element elementor-element-2b22b6ba elementor-widget elementor-widget-text-editor\" data-id=\"2b22b6ba\" data-element_type=\"widget\" data-widget_type=\"text-editor.default\">\n\t\t\t\t<div class=\"elementor-widget-container\">\n\t\t\t\t\t\t\t\t\t<p>\u00abMigrez vers le cloud, optimisez vos solutions, personnalisez votre environnement et b\u00e9n\u00e9ficiez d&#8217;une formation et d&#8217;une assistance compl\u00e8tes.\u00bb<\/p><p>La migration vers le cloud est une solution de plus en plus populaire pour les entreprises qui cherchent \u00e0 am\u00e9liorer leurs performances et \u00e0 r\u00e9duire leurs co\u00fbts. Avec le cloud, vous pouvez optimiser vos solutions en fonction de vos besoins sp\u00e9cifiques et personnaliser votre environnement pour r\u00e9pondre \u00e0 vos exigences. En outre, vous b\u00e9n\u00e9ficierez d&#8217;une formation et d&#8217;une assistance compl\u00e8tes pour vous aider \u00e0 tirer le meilleur parti de votre migration vers le cloud.<\/p><h2 id=\"wpaicg-comment-la-migration-de-votre-activite-vers-le-cloud-peut-elle-ameliorer-votre-productivite\">Comment la migration de votre activit\u00e9 vers le cloud peut-elle am\u00e9liorer votre productivit\u00e9 ?<\/h2><p>La migration de votre activit\u00e9 vers le cloud peut am\u00e9liorer consid\u00e9rablement votre productivit\u00e9. En effet, le cloud offre une vari\u00e9t\u00e9 de fonctionnalit\u00e9s qui peuvent vous aider \u00e0 am\u00e9liorer votre productivit\u00e9. Par exemple, le cloud permet un acc\u00e8s \u00e0 distance \u00e0 vos donn\u00e9es et applications, ce qui vous permet de travailler \u00e0 partir de n&#8217;importe quel endroit et \u00e0 tout moment. De plus, le cloud offre une plus grande s\u00e9curit\u00e9 et une meilleure protection des donn\u00e9es, ce qui vous permet de vous concentrer sur votre travail sans vous soucier des menaces de s\u00e9curit\u00e9. Enfin, le cloud permet une collaboration plus efficace entre les membres de votre \u00e9quipe, ce qui peut am\u00e9liorer la productivit\u00e9 et la qualit\u00e9 du travail. En r\u00e9sum\u00e9, la migration de votre activit\u00e9 vers le cloud peut vous aider \u00e0 am\u00e9liorer votre productivit\u00e9 et \u00e0 atteindre vos objectifs plus rapidement.<\/p><h2 id=\"wpaicg-comment-optimiser-les-solutions-cloud-en-fonction-de-vos-besoins\">\u00a0<\/h2>\t\t\t\t\t\t\t\t<\/div>\n\t\t\t\t<\/div>\n\t\t\t\t\t<\/div>\n\t\t<\/div>\n\t\t\t\t\t<\/div>\n\t\t<\/section>\n\t\t\t\t<section class=\"elementor-section elementor-top-section elementor-element elementor-element-57cb9b56 elementor-section-boxed elementor-section-height-default elementor-section-height-default\" data-id=\"57cb9b56\" data-element_type=\"section\">\n\t\t\t\t\t\t<div class=\"elementor-container elementor-column-gap-default\">\n\t\t\t\t\t<div class=\"elementor-column elementor-col-100 elementor-top-column elementor-element elementor-element-66eebb7f\" data-id=\"66eebb7f\" data-element_type=\"column\">\n\t\t\t<div class=\"elementor-widget-wrap\">\n\t\t\t\t\t\t\t<\/div>\n\t\t<\/div>\n\t\t\t\t\t<\/div>\n\t\t<\/section>\n\t\t\t\t<section class=\"elementor-section elementor-top-section elementor-element elementor-element-fcd13e9 elementor-section-boxed elementor-section-height-default elementor-section-height-default\" data-id=\"fcd13e9\" data-element_type=\"section\">\n\t\t\t\t\t\t<div class=\"elementor-container elementor-column-gap-default\">\n\t\t\t\t\t<div class=\"elementor-column elementor-col-100 elementor-top-column elementor-element elementor-element-346ce78\" data-id=\"346ce78\" data-element_type=\"column\">\n\t\t\t<div class=\"elementor-widget-wrap elementor-element-populated\">\n\t\t\t\t\t\t<div class=\"elementor-element elementor-element-0295359 elementor-widget elementor-widget-text-editor\" data-id=\"0295359\" data-element_type=\"widget\" data-widget_type=\"text-editor.default\">\n\t\t\t\t<div class=\"elementor-widget-container\">\n\t\t\t\t\t\t\t\t\t<p>\u00a0<\/p><h2 id=\"wpaicg-comment-optimiser-les-solutions-cloud-en-fonction-de-vos-besoins\">Comment optimiser les solutions cloud en fonction de vos besoins ?<\/h2><p>Pour optimiser les solutions cloud en fonction de vos besoins, il est important de prendre le temps de comprendre vos objectifs et vos exigences. Une fois que vous avez une bonne compr\u00e9hension de vos besoins, vous pouvez commencer \u00e0 rechercher des solutions cloud qui r\u00e9pondent \u00e0 ces besoins. Vous devrez \u00e9galement examiner les diff\u00e9rentes options de tarification et de services offerts par les fournisseurs de cloud afin de trouver la solution qui offre le meilleur rapport qualit\u00e9-prix. Enfin, vous devrez \u00e9valuer la s\u00e9curit\u00e9 et la fiabilit\u00e9 des solutions cloud pour vous assurer qu&#8217;elles r\u00e9pondent \u00e0 vos exigences en mati\u00e8re de s\u00e9curit\u00e9 et de confidentialit\u00e9.<\/p><p><img fetchpriority=\"high\" decoding=\"async\" class=\"aligncenter wp-image-7690 size-full\" src=\"https:\/\/les4h.fr\/wp-content\/uploads\/2023\/05\/cloud-1.jpg\" alt=\"\" width=\"830\" height=\"548\" srcset=\"https:\/\/les4h.fr\/wp-content\/uploads\/2023\/05\/cloud-1.jpg 830w, https:\/\/les4h.fr\/wp-content\/uploads\/2023\/05\/cloud-1-300x198.jpg 300w, https:\/\/les4h.fr\/wp-content\/uploads\/2023\/05\/cloud-1-768x507.jpg 768w\" sizes=\"(max-width: 830px) 100vw, 830px\" \/><\/p><h2 id=\"wpaicg-comment-personnaliser-votre-environnement-cloud-pour-une-meilleure-experience-utilisateur\">Comment personnaliser votre environnement cloud pour une meilleure exp\u00e9rience utilisateur ?<\/h2><p>Pour personnaliser votre environnement cloud et am\u00e9liorer l&#8217;exp\u00e9rience utilisateur, il est important de prendre en compte les besoins et pr\u00e9f\u00e9rences des utilisateurs. Vous pouvez commencer par cr\u00e9er des profils d&#8217;utilisateurs pour d\u00e9finir leurs droits d&#8217;acc\u00e8s et leurs pr\u00e9f\u00e9rences. Vous pouvez \u00e9galement personnaliser l&#8217;interface utilisateur en ajoutant des th\u00e8mes, des couleurs et des polices pour rendre l&#8217;exp\u00e9rience plus agr\u00e9able. Enfin, vous pouvez ajouter des outils et des applications pour am\u00e9liorer la productivit\u00e9 et la collaboration des utilisateurs.En conclusion, la migration de l&#8217;activit\u00e9 vers le cloud, l&#8217;optimisation des solutions en fonction de vos besoins, la personnalisation de l&#8217;environnement et la formation et l&#8217;assistance sont des \u00e9l\u00e9ments essentiels pour une entreprise qui souhaite tirer le meilleur parti de ses solutions informatiques. Ces services peuvent aider les entreprises \u00e0 am\u00e9liorer leurs performances et \u00e0 r\u00e9duire leurs co\u00fbts. En outre, ils peuvent \u00e9galement aider les entreprises \u00e0 am\u00e9liorer leur productivit\u00e9 et \u00e0 am\u00e9liorer leur efficacit\u00e9.<\/p><p><img decoding=\"async\" class=\"aligncenter wp-image-7692 size-full\" src=\"https:\/\/les4h.fr\/wp-content\/uploads\/2023\/05\/cloud-3.jpg\" alt=\"\" width=\"830\" height=\"548\" srcset=\"https:\/\/les4h.fr\/wp-content\/uploads\/2023\/05\/cloud-3.jpg 830w, https:\/\/les4h.fr\/wp-content\/uploads\/2023\/05\/cloud-3-300x198.jpg 300w, https:\/\/les4h.fr\/wp-content\/uploads\/2023\/05\/cloud-3-768x507.jpg 768w\" sizes=\"(max-width: 830px) 100vw, 830px\" \/><\/p>\t\t\t\t\t\t\t\t<\/div>\n\t\t\t\t<\/div>\n\t\t\t\t\t<\/div>\n\t\t<\/div>\n\t\t\t\t\t<\/div>\n\t\t<\/section>\n\t\t\t\t<\/div>\n\t\t","protected":false},"excerpt":{"rendered":"<p>\u00abMigre a la nube, optimice sus soluciones, personalice su entorno y benef\u00edciese de una formaci\u00f3n y soporte integrales\u00bb.<\/p>\n","protected":false},"author":1,"featured_media":0,"parent":0,"menu_order":0,"comment_status":"closed","ping_status":"closed","template":"","meta":{"site-sidebar-layout":"default","site-content-layout":"","ast-site-content-layout":"default","site-content-style":"default","site-sidebar-style":"default","ast-global-header-display":"","ast-banner-title-visibility":"","ast-main-header-display":"","ast-hfb-above-header-display":"","ast-hfb-below-header-display":"","ast-hfb-mobile-header-display":"","site-post-title":"","ast-breadcrumbs-content":"","ast-featured-img":"","footer-sml-layout":"","theme-transparent-header-meta":"","adv-header-id-meta":"","stick-header-meta":"","header-above-stick-meta":"","header-main-stick-meta":"","header-below-stick-meta":"","astra-migrate-meta-layouts":"default","ast-page-background-enabled":"default","ast-page-background-meta":{"desktop":{"background-color":"var(--ast-global-color-4)","background-image":"","background-repeat":"repeat","background-position":"center center","background-size":"auto","background-attachment":"scroll","background-type":"","background-media":"","overlay-type":"","overlay-color":"","overlay-opacity":"","overlay-gradient":""},"tablet":{"background-color":"","background-image":"","background-repeat":"repeat","background-position":"center center","background-size":"auto","background-attachment":"scroll","background-type":"","background-media":"","overlay-type":"","overlay-color":"","overlay-opacity":"","overlay-gradient":""},"mobile":{"background-color":"","background-image":"","background-repeat":"repeat","background-position":"center center","background-size":"auto","background-attachment":"scroll","background-type":"","background-media":"","overlay-type":"","overlay-color":"","overlay-opacity":"","overlay-gradient":""}},"ast-content-background-meta":{"desktop":{"background-color":"var(--ast-global-color-5)","background-image":"","background-repeat":"repeat","background-position":"center center","background-size":"auto","background-attachment":"scroll","background-type":"","background-media":"","overlay-type":"","overlay-color":"","overlay-opacity":"","overlay-gradient":""},"tablet":{"background-color":"var(--ast-global-color-5)","background-image":"","background-repeat":"repeat","background-position":"center center","background-size":"auto","background-attachment":"scroll","background-type":"","background-media":"","overlay-type":"","overlay-color":"","overlay-opacity":"","overlay-gradient":""},"mobile":{"background-color":"var(--ast-global-color-5)","background-image":"","background-repeat":"repeat","background-position":"center center","background-size":"auto","background-attachment":"scroll","background-type":"","background-media":"","overlay-type":"","overlay-color":"","overlay-opacity":"","overlay-gradient":""}},"footnotes":""},"class_list":["post-8448","page","type-page","status-publish","hentry"],"_links":{"self":[{"href":"https:\/\/les4h.fr\/es\/wp-json\/wp\/v2\/pages\/8448","targetHints":{"allow":["GET"]}}],"collection":[{"href":"https:\/\/les4h.fr\/es\/wp-json\/wp\/v2\/pages"}],"about":[{"href":"https:\/\/les4h.fr\/es\/wp-json\/wp\/v2\/types\/page"}],"author":[{"embeddable":true,"href":"https:\/\/les4h.fr\/es\/wp-json\/wp\/v2\/users\/1"}],"replies":[{"embeddable":true,"href":"https:\/\/les4h.fr\/es\/wp-json\/wp\/v2\/comments?post=8448"}],"version-history":[{"count":0,"href":"https:\/\/les4h.fr\/es\/wp-json\/wp\/v2\/pages\/8448\/revisions"}],"wp:attachment":[{"href":"https:\/\/les4h.fr\/es\/wp-json\/wp\/v2\/media?parent=8448"}],"curies":[{"name":"wp","href":"https:\/\/api.w.org\/{rel}","templated":true}]}}