{"id":15739,"date":"2020-09-09T06:28:38","date_gmt":"2020-09-09T10:28:38","guid":{"rendered":"https:\/\/les4h.fr\/?page_id=15739"},"modified":"2025-12-21T11:29:43","modified_gmt":"2025-12-21T15:29:43","slug":"elementor-15739","status":"publish","type":"page","link":"https:\/\/les4h.fr\/es\/elementor-15739\/","title":{"rendered":"pol\u00edtica de privacidad"},"content":{"rendered":"<p>ART\u00cdCULO 1: PRE\u00c1MBULO<\/p>\n<p>El objetivo de esta pol\u00edtica de privacidad es informar a los usuarios del sitio web LES4H.FR<\/p>\n<p>c\u00f3mo se recogen sus datos personales. Los datos personales son cualquier informaci\u00f3n que permita identificar a un usuario. Dicha informaci\u00f3n puede incluir, entre otros, el nombre completo, la edad, la direcci\u00f3n postal o de correo electr\u00f3nico, la ubicaci\u00f3n o la direcci\u00f3n IP del usuario;<\/p>\n<p>Los derechos que les asisten en relaci\u00f3n con estos datos;<br \/>Qui\u00e9n es el responsable del tratamiento de los datos personales recogidos y tratados.<br \/>los destinatarios de estos datos personales;<br \/>la pol\u00edtica del sitio en materia de cookies.<br \/>Esta pol\u00edtica complementa el aviso legal y las Condiciones Generales de Uso, que pueden ser consultados por los usuarios en la siguiente direcci\u00f3n\u00a0https:\/\/les4h.fr\/mentions-legales<\/p>\n<p>\u00a0<\/p>\n<p>ART\u00cdCULO 2: PRINCIPIOS RELATIVOS A LA RECOGIDA Y TRATAMIENTO DE DATOS PERSONALES<\/p>\n<p>\u00a0<\/p>\n<p>De conformidad con el art\u00edculo 5 del Reglamento Europeo 2016\/679, los datos personales ser\u00e1n:<br \/>Tratados de forma l\u00edcita, leal y transparente con respecto al interesado;<br \/>Recogidos con fines determinados (v\u00e9ase el art\u00edculo 3.1 del presente Reglamento), expl\u00edcitos y leg\u00edtimos, y no tratados posteriormente de manera incompatible con dichos fines;<br \/>Adecuados, pertinentes y limitados a lo necesario para los fines para los que se tratan;<br \/>exactos y, en caso necesario, actualizados. Deben tomarse todas las medidas razonables para garantizar que los datos personales que sean inexactos, teniendo en cuenta los fines para los que se tratan, se supriman o rectifiquen sin demora;<\/p>\n<p>Conservados en una forma que permita la identificaci\u00f3n de los interesados durante un periodo no superior al necesario para los fines para los que se tratan;<\/p>\n<p>se traten de forma que se garantice una seguridad adecuada de los datos recogidos, incluida la protecci\u00f3n contra el tratamiento no autorizado o il\u00edcito y contra la p\u00e9rdida, destrucci\u00f3n o da\u00f1o accidentales, utilizando medidas t\u00e9cnicas u organizativas apropiadas.<\/p>\n<p>El tratamiento s\u00f3lo es l\u00edcito si, y en la medida en que, se cumpla al menos una de las siguientes condiciones:<\/p>\n<p>\u00a0<\/p>\n<p>El interesado ha consentido el tratamiento de sus datos personales para uno o varios fines espec\u00edficos;<\/p>\n<p>El tratamiento es necesario para la ejecuci\u00f3n de un contrato en el que el interesado es parte o para la ejecuci\u00f3n de medidas precontractuales adoptadas a petici\u00f3n del interesado;<\/p>\n<p>El tratamiento es necesario para el cumplimiento de una obligaci\u00f3n legal a la que est\u00e1 sujeto el responsable del tratamiento;<\/p>\n<p>El tratamiento es necesario para proteger los intereses vitales del interesado o de otra persona f\u00edsica;<\/p>\n<p>El tratamiento es necesario para el cumplimiento de una misi\u00f3n de inter\u00e9s p\u00fablico o en el ejercicio de poderes p\u00fablicos conferidos al responsable del tratamiento;<\/p>\n<p>El tratamiento es necesario para la satisfacci\u00f3n de intereses leg\u00edtimos perseguidos por el responsable del tratamiento o por un tercero, salvo que prevalezcan los intereses o los derechos y libertades fundamentales del interesado que requieran la protecci\u00f3n de datos personales, en particular cuando el interesado sea un ni\u00f1o.<\/p>\n<p>ART\u00cdCULO 3: DATOS PERSONALES RECOGIDOS Y TRATADOS DURANTE LA NAVEGACI\u00d3N POR EL SITIO WEB<\/p>\n<p>Art\u00edculo 3.1: Datos recogidos<br \/>Los datos personales recogidos en el marco de nuestra actividad son los siguientes: nombre, apellidos, n\u00famero de tel\u00e9fono, direcci\u00f3n de correo electr\u00f3nico y raz\u00f3n social.<br \/>Estos datos se recogen y tratan con la(s) siguiente(s) finalidad(es): env\u00edo de informaci\u00f3n relativa a una solicitud realizada por el visitante.<\/p>\n<p>Art\u00edculo 3.2: M\u00e9todo de recogida de datos<\/p>\n<p>Cuando usted utiliza nuestro sitio, se recogen autom\u00e1ticamente los siguientes datos: origen de la visita del cliente sin identificaci\u00f3n de la direcci\u00f3n IP completa, tipo de navegador, resoluci\u00f3n de pantalla, sistema operativo, tiempo de permanencia, p\u00e1ginas visitadas.<\/p>\n<p>Otros datos personales se recogen cuando usted realiza las siguientes operaciones en la plataforma: cumplimentaci\u00f3n de un formulario de solicitud de contacto.<\/p>\n<p>El responsable del tratamiento conserva estos datos en condiciones de seguridad razonables durante un per\u00edodo de : [Indique el per\u00edodo de conservaci\u00f3n previsto].<\/p>\n<p>La empresa podr\u00e1 conservar determinados datos personales m\u00e1s all\u00e1 de los plazos mencionados para cumplir sus obligaciones legales o reglamentarias.<\/p>\n<p>Art\u00edculo 3.3: Alojamiento de datos<\/p>\n<p>El sitio web les4h.fr est\u00e1 alojado en : O2SWITCH<br \/>Siret 510 909 807 00032 RCS Clermont Ferrand SAS con un capital de 100.000 euros<\/p>\n<p>\u00a0ART\u00cdCULO 4: RESPONSABLE DEL TRATAMIENTO DE DATOS Y DELEGADO DE PROTECCI\u00d3N DE DATOS\u00a0Art\u00edculo 4.1: El responsable del tratamiento de datos\u00a0Los datos personales son recopilados por Jean Christophe Hutin cuyo n\u00famero de registro es 403 218 704 00027El responsable del tratamiento de datos personales puede ser contactado de la siguiente manera:Por correo a la direcci\u00f3n: JC HUTIN, Lote Sainval #22 97115 SAINTE ROSEPor tel\u00e9fono, al +33972450090Por correo electr\u00f3nico: rgpd@les4h.fr.\u00a0Art\u00edculo 4.2: El delegado de protecci\u00f3n de datos\u00a0El delegado de protecci\u00f3n de datos de la empresa o responsable es: JC HUTIN\u00a0Si cree, despu\u00e9s de contactarnos, que no se respetan sus derechos de \u201cInform\u00e1tica y Libertades\u201d, puede enviar informaci\u00f3n a la CNIL.\u00a0ART\u00cdCULO 5: DERECHOS DEL USUARIO EN MATERIA DE RECOPILACI\u00d3N Y TRATAMIENTO DE DATOS\u00a0Cualquier usuario afectado por el tratamiento de sus datos personales puede hacer uso de los siguientes derechos, en aplicaci\u00f3n del reglamento europeo 2016\/679 y de la Ley de Protecci\u00f3n de Datos (Ley 78-17 del 6 de enero de 1978):\u00a0Derecho de acceso, rectificaci\u00f3n y derecho de supresi\u00f3n de datos (establecidos respectivamente en los art\u00edculos 15, 16 y 17 del RGPD);Derecho a la portabilidad de los datos (art\u00edculo 20 del RGPD);Derecho de limitaci\u00f3n (art\u00edculo 18 del RGPD) y de oposici\u00f3n al tratamiento de datos (art\u00edculo 21 del RGPD);Derecho a no ser objeto de una decisi\u00f3n basada exclusivamente en un proceso automatizado;Derecho a determinar el destino de los datos despu\u00e9s de su muerte;Derecho a remitir el asunto a la autoridad de control competente (art\u00edculo 77 del RGPD).Para ejercer sus derechos, env\u00ede su carta por correo electr\u00f3nico a rgpd@les4h.Fr\u00a0Para que el responsable del tratamiento acceda a su solicitud, se le podr\u00e1 requerir al usuario que comunique cierta informaci\u00f3n como: su nombre y apellidos, su direcci\u00f3n de correo electr\u00f3nico as\u00ed como su n\u00famero de cuenta, espacio personal o suscriptor.\u00a0Visite el sitio web cnil.fr para obtener m\u00e1s informaci\u00f3n sobre sus derechos.\u00a0ART\u00cdCULO 6: CONDICIONES PARA LA MODIFICACI\u00d3N DE LA POL\u00cdTICA DE CONFIDENCIALIDAD\u00a0El editor del sitio LES4H.FR se reserva el derecho de modificar esta Pol\u00edtica en cualquier momento para garantizar a los usuarios del sitio que respeta la legislaci\u00f3n vigente.\u00a0Cualquier modificaci\u00f3n no puede tener impacto en las compras realizadas anteriormente en el sitio, las cuales quedan sujetas a la Pol\u00edtica vigente en el momento de la compra y aceptada por el usuario al validar la compra.\u00a0El usuario est\u00e1 invitado a leer esta Pol\u00edtica cada vez que utilice nuestros servicios, sin que sea necesario notific\u00e1rselo formalmente.\u00a0Esta pol\u00edtica, publicada el 17\/07\/2024, fue actualizada el 17\/07\/2024.<\/p>\n","protected":false},"excerpt":{"rendered":"<p>ART\u00cdCULO 1: PRE\u00c1MBULO El objetivo de esta pol\u00edtica de privacidad es informar a los usuarios del sitio web LES4H.FR c\u00f3mo se recogen sus datos personales. Los datos personales son cualquier informaci\u00f3n que permita identificar a un usuario. Dicha informaci\u00f3n puede incluir, entre otros, el nombre completo, la edad, la direcci\u00f3n postal o de correo electr\u00f3nico, [&hellip;]<\/p>\n","protected":false},"author":1,"featured_media":0,"parent":0,"menu_order":0,"comment_status":"closed","ping_status":"closed","template":"","meta":{"site-sidebar-layout":"default","site-content-layout":"","ast-site-content-layout":"default","site-content-style":"default","site-sidebar-style":"default","ast-global-header-display":"","ast-banner-title-visibility":"","ast-main-header-display":"","ast-hfb-above-header-display":"","ast-hfb-below-header-display":"","ast-hfb-mobile-header-display":"","site-post-title":"","ast-breadcrumbs-content":"","ast-featured-img":"","footer-sml-layout":"","theme-transparent-header-meta":"","adv-header-id-meta":"","stick-header-meta":"","header-above-stick-meta":"","header-main-stick-meta":"","header-below-stick-meta":"","astra-migrate-meta-layouts":"default","ast-page-background-enabled":"default","ast-page-background-meta":{"desktop":{"background-color":"var(--ast-global-color-4)","background-image":"","background-repeat":"repeat","background-position":"center center","background-size":"auto","background-attachment":"scroll","background-type":"","background-media":"","overlay-type":"","overlay-color":"","overlay-opacity":"","overlay-gradient":""},"tablet":{"background-color":"","background-image":"","background-repeat":"repeat","background-position":"center center","background-size":"auto","background-attachment":"scroll","background-type":"","background-media":"","overlay-type":"","overlay-color":"","overlay-opacity":"","overlay-gradient":""},"mobile":{"background-color":"","background-image":"","background-repeat":"repeat","background-position":"center center","background-size":"auto","background-attachment":"scroll","background-type":"","background-media":"","overlay-type":"","overlay-color":"","overlay-opacity":"","overlay-gradient":""}},"ast-content-background-meta":{"desktop":{"background-color":"var(--ast-global-color-5)","background-image":"","background-repeat":"repeat","background-position":"center center","background-size":"auto","background-attachment":"scroll","background-type":"","background-media":"","overlay-type":"","overlay-color":"","overlay-opacity":"","overlay-gradient":""},"tablet":{"background-color":"var(--ast-global-color-5)","background-image":"","background-repeat":"repeat","background-position":"center center","background-size":"auto","background-attachment":"scroll","background-type":"","background-media":"","overlay-type":"","overlay-color":"","overlay-opacity":"","overlay-gradient":""},"mobile":{"background-color":"var(--ast-global-color-5)","background-image":"","background-repeat":"repeat","background-position":"center center","background-size":"auto","background-attachment":"scroll","background-type":"","background-media":"","overlay-type":"","overlay-color":"","overlay-opacity":"","overlay-gradient":""}},"footnotes":""},"class_list":["post-15739","page","type-page","status-publish","hentry"],"_links":{"self":[{"href":"https:\/\/les4h.fr\/es\/wp-json\/wp\/v2\/pages\/15739","targetHints":{"allow":["GET"]}}],"collection":[{"href":"https:\/\/les4h.fr\/es\/wp-json\/wp\/v2\/pages"}],"about":[{"href":"https:\/\/les4h.fr\/es\/wp-json\/wp\/v2\/types\/page"}],"author":[{"embeddable":true,"href":"https:\/\/les4h.fr\/es\/wp-json\/wp\/v2\/users\/1"}],"replies":[{"embeddable":true,"href":"https:\/\/les4h.fr\/es\/wp-json\/wp\/v2\/comments?post=15739"}],"version-history":[{"count":0,"href":"https:\/\/les4h.fr\/es\/wp-json\/wp\/v2\/pages\/15739\/revisions"}],"wp:attachment":[{"href":"https:\/\/les4h.fr\/es\/wp-json\/wp\/v2\/media?parent=15739"}],"curies":[{"name":"wp","href":"https:\/\/api.w.org\/{rel}","templated":true}]}}