{"id":10766,"date":"2023-09-26T14:57:01","date_gmt":"2023-09-26T18:57:01","guid":{"rendered":"https:\/\/les4h.fr\/?page_id=10766"},"modified":"2025-12-21T11:27:21","modified_gmt":"2025-12-21T15:27:21","slug":"optimizacion-del-sitio-web","status":"publish","type":"page","link":"https:\/\/les4h.fr\/es\/optimizacion-del-sitio-web\/","title":{"rendered":"Optimizaci\u00f3n del sitio web"},"content":{"rendered":"\t\t<div data-elementor-type=\"wp-post\" data-elementor-id=\"10766\" class=\"elementor elementor-10766 elementor-992\" data-elementor-post-type=\"page\">\n\t\t\t\t\t\t<section class=\"elementor-section elementor-top-section elementor-element elementor-element-cee8c1c elementor-section-boxed elementor-section-height-default elementor-section-height-default\" data-id=\"cee8c1c\" data-element_type=\"section\">\n\t\t\t\t\t\t<div class=\"elementor-container elementor-column-gap-default\">\n\t\t\t\t\t<div class=\"elementor-column elementor-col-100 elementor-top-column elementor-element elementor-element-9d6b1f8\" data-id=\"9d6b1f8\" data-element_type=\"column\">\n\t\t\t<div class=\"elementor-widget-wrap elementor-element-populated\">\n\t\t\t\t\t\t<div class=\"elementor-element elementor-element-263eab4 elementor-widget elementor-widget-heading\" data-id=\"263eab4\" data-element_type=\"widget\" data-widget_type=\"heading.default\">\n\t\t\t\t<div class=\"elementor-widget-container\">\n\t\t\t\t\t<h2 class=\"elementor-heading-title elementor-size-default\">Analyse de site web<\/h2>\t\t\t\t<\/div>\n\t\t\t\t<\/div>\n\t\t\t\t<div class=\"elementor-element elementor-element-3bebfcf elementor-widget elementor-widget-text-editor\" data-id=\"3bebfcf\" data-element_type=\"widget\" data-widget_type=\"text-editor.default\">\n\t\t\t\t<div class=\"elementor-widget-container\">\n\t\t\t\t\t\t\t\t\t<p>Audit et optimisation de votre pr\u00e9sence sur internet<\/p>\t\t\t\t\t\t\t\t<\/div>\n\t\t\t\t<\/div>\n\t\t\t\t\t<\/div>\n\t\t<\/div>\n\t\t\t\t\t<\/div>\n\t\t<\/section>\n\t\t\t\t<section class=\"elementor-section elementor-top-section elementor-element elementor-element-82c58f3 elementor-section-boxed elementor-section-height-default elementor-section-height-default\" data-id=\"82c58f3\" data-element_type=\"section\">\n\t\t\t\t\t\t<div class=\"elementor-container elementor-column-gap-default\">\n\t\t\t\t\t<div class=\"elementor-column elementor-col-50 elementor-top-column elementor-element elementor-element-72c9121\" data-id=\"72c9121\" data-element_type=\"column\">\n\t\t\t<div class=\"elementor-widget-wrap elementor-element-populated\">\n\t\t\t\t\t\t<div class=\"elementor-element elementor-element-26b90b6 elementor-widget elementor-widget-text-editor\" data-id=\"26b90b6\" data-element_type=\"widget\" data-widget_type=\"text-editor.default\">\n\t\t\t\t<div class=\"elementor-widget-container\">\n\t\t\t\t\t\t\t\t\tParfois, il suffit de quelques actions pour retrouver un tr\u00e8s bon positionnement sur les moteurs de recherche comme Google.\n\nNous proc\u00e9dons \u00e0 une analyse concurrentielle de votre site internet et des diff\u00e9rents supports digitaux en lien avec votre marque\/entreprise.\t\t\t\t\t\t\t\t<\/div>\n\t\t\t\t<\/div>\n\t\t\t\t\t<\/div>\n\t\t<\/div>\n\t\t\t\t<div class=\"elementor-column elementor-col-50 elementor-top-column elementor-element elementor-element-5ef778b\" data-id=\"5ef778b\" data-element_type=\"column\">\n\t\t\t<div class=\"elementor-widget-wrap elementor-element-populated\">\n\t\t\t\t\t\t<div class=\"elementor-element elementor-element-d871244 elementor-invisible elementor-widget elementor-widget-image\" data-id=\"d871244\" data-element_type=\"widget\" data-settings=\"{&quot;_animation&quot;:&quot;fadeInRight&quot;,&quot;_animation_delay&quot;:100,&quot;_animation_mobile&quot;:&quot;none&quot;}\" data-widget_type=\"image.default\">\n\t\t\t\t<div class=\"elementor-widget-container\">\n\t\t\t\t\t\t\t\t\t\t\t\t\t\t\t<img fetchpriority=\"high\" decoding=\"async\" width=\"667\" height=\"444\" src=\"https:\/\/les4h.fr\/wp-content\/uploads\/2019\/03\/img1-1.png\" class=\"attachment-full size-full wp-image-11537\" alt=\"\" srcset=\"https:\/\/les4h.fr\/wp-content\/uploads\/2019\/03\/img1-1.png 667w, https:\/\/les4h.fr\/wp-content\/uploads\/2019\/03\/img1-1-300x200.png 300w\" sizes=\"(max-width: 667px) 100vw, 667px\" \/>\t\t\t\t\t\t\t\t\t\t\t\t\t\t\t<\/div>\n\t\t\t\t<\/div>\n\t\t\t\t\t<\/div>\n\t\t<\/div>\n\t\t\t\t\t<\/div>\n\t\t<\/section>\n\t\t\t\t<section class=\"elementor-section elementor-top-section elementor-element elementor-element-639e17a elementor-reverse-mobile elementor-section-boxed elementor-section-height-default elementor-section-height-default\" data-id=\"639e17a\" data-element_type=\"section\">\n\t\t\t\t\t\t<div class=\"elementor-container elementor-column-gap-default\">\n\t\t\t\t\t<div class=\"elementor-column elementor-col-50 elementor-top-column elementor-element elementor-element-bf9bf76\" data-id=\"bf9bf76\" data-element_type=\"column\">\n\t\t\t<div class=\"elementor-widget-wrap elementor-element-populated\">\n\t\t\t\t\t\t<div class=\"elementor-element elementor-element-ef5a866 elementor-invisible elementor-widget elementor-widget-image\" data-id=\"ef5a866\" data-element_type=\"widget\" data-settings=\"{&quot;_animation&quot;:&quot;fadeInLeft&quot;,&quot;_animation_delay&quot;:100,&quot;_animation_mobile&quot;:&quot;none&quot;}\" data-widget_type=\"image.default\">\n\t\t\t\t<div class=\"elementor-widget-container\">\n\t\t\t\t\t\t\t\t\t\t\t\t\t\t\t<img decoding=\"async\" width=\"491\" height=\"491\" src=\"https:\/\/les4h.fr\/wp-content\/uploads\/2019\/03\/img2-1.png\" class=\"attachment-full size-full wp-image-11540\" alt=\"\" srcset=\"https:\/\/les4h.fr\/wp-content\/uploads\/2019\/03\/img2-1.png 491w, https:\/\/les4h.fr\/wp-content\/uploads\/2019\/03\/img2-1-300x300.png 300w, https:\/\/les4h.fr\/wp-content\/uploads\/2019\/03\/img2-1-150x150.png 150w\" sizes=\"(max-width: 491px) 100vw, 491px\" \/>\t\t\t\t\t\t\t\t\t\t\t\t\t\t\t<\/div>\n\t\t\t\t<\/div>\n\t\t\t\t\t<\/div>\n\t\t<\/div>\n\t\t\t\t<div class=\"elementor-column elementor-col-50 elementor-top-column elementor-element elementor-element-050966a\" data-id=\"050966a\" data-element_type=\"column\">\n\t\t\t<div class=\"elementor-widget-wrap elementor-element-populated\">\n\t\t\t\t\t\t<div class=\"elementor-element elementor-element-0350462 elementor-widget elementor-widget-text-editor\" data-id=\"0350462\" data-element_type=\"widget\" data-widget_type=\"text-editor.default\">\n\t\t\t\t<div class=\"elementor-widget-container\">\n\t\t\t\t\t\t\t\t\t<h3>Analyse de Contenu<\/h3><p>En plus d&#8217;une analyse concurrentielle, nous r\u00e9alisons \u00e9galement une \u00e9tude compl\u00e8te des contenus en lien avec votre marque\/entreprise susceptibles de vous fournir un impact notable sur les canaux de communication digitaux.<\/p><p>Notre \u00e9tude se concr\u00e9tise avec la r\u00e9daction de contenus sur les diff\u00e9rentes plateformes retenues (bog, r\u00e9seaux sociaux, newsletter, forum, chat)<\/p>\t\t\t\t\t\t\t\t<\/div>\n\t\t\t\t<\/div>\n\t\t\t\t\t<\/div>\n\t\t<\/div>\n\t\t\t\t\t<\/div>\n\t\t<\/section>\n\t\t\t\t<\/div>\n\t\t","protected":false},"excerpt":{"rendered":"<p>An\u00e1lisis de sitios web Auditor\u00eda y optimizaci\u00f3n de su presencia online A veces, s\u00f3lo hacen falta unas pocas acciones para encontrar un muy buen posicionamiento en buscadores como Google. Realizamos un an\u00e1lisis competitivo de tu sitio web y de los distintos medios digitales vinculados a tu marca\/negocio. An\u00e1lisis de contenido Adem\u00e1s de un an\u00e1lisis competitivo, [&hellip;]<\/p>\n","protected":false},"author":1,"featured_media":0,"parent":0,"menu_order":0,"comment_status":"closed","ping_status":"closed","template":"","meta":{"site-sidebar-layout":"default","site-content-layout":"","ast-site-content-layout":"default","site-content-style":"default","site-sidebar-style":"default","ast-global-header-display":"","ast-banner-title-visibility":"","ast-main-header-display":"","ast-hfb-above-header-display":"","ast-hfb-below-header-display":"","ast-hfb-mobile-header-display":"","site-post-title":"","ast-breadcrumbs-content":"","ast-featured-img":"","footer-sml-layout":"","theme-transparent-header-meta":"","adv-header-id-meta":"","stick-header-meta":"","header-above-stick-meta":"","header-main-stick-meta":"","header-below-stick-meta":"","astra-migrate-meta-layouts":"default","ast-page-background-enabled":"default","ast-page-background-meta":{"desktop":{"background-color":"var(--ast-global-color-4)","background-image":"","background-repeat":"repeat","background-position":"center center","background-size":"auto","background-attachment":"scroll","background-type":"","background-media":"","overlay-type":"","overlay-color":"","overlay-opacity":"","overlay-gradient":""},"tablet":{"background-color":"","background-image":"","background-repeat":"repeat","background-position":"center center","background-size":"auto","background-attachment":"scroll","background-type":"","background-media":"","overlay-type":"","overlay-color":"","overlay-opacity":"","overlay-gradient":""},"mobile":{"background-color":"","background-image":"","background-repeat":"repeat","background-position":"center center","background-size":"auto","background-attachment":"scroll","background-type":"","background-media":"","overlay-type":"","overlay-color":"","overlay-opacity":"","overlay-gradient":""}},"ast-content-background-meta":{"desktop":{"background-color":"var(--ast-global-color-5)","background-image":"","background-repeat":"repeat","background-position":"center center","background-size":"auto","background-attachment":"scroll","background-type":"","background-media":"","overlay-type":"","overlay-color":"","overlay-opacity":"","overlay-gradient":""},"tablet":{"background-color":"var(--ast-global-color-5)","background-image":"","background-repeat":"repeat","background-position":"center center","background-size":"auto","background-attachment":"scroll","background-type":"","background-media":"","overlay-type":"","overlay-color":"","overlay-opacity":"","overlay-gradient":""},"mobile":{"background-color":"var(--ast-global-color-5)","background-image":"","background-repeat":"repeat","background-position":"center center","background-size":"auto","background-attachment":"scroll","background-type":"","background-media":"","overlay-type":"","overlay-color":"","overlay-opacity":"","overlay-gradient":""}},"footnotes":""},"class_list":["post-10766","page","type-page","status-publish","hentry"],"_links":{"self":[{"href":"https:\/\/les4h.fr\/es\/wp-json\/wp\/v2\/pages\/10766","targetHints":{"allow":["GET"]}}],"collection":[{"href":"https:\/\/les4h.fr\/es\/wp-json\/wp\/v2\/pages"}],"about":[{"href":"https:\/\/les4h.fr\/es\/wp-json\/wp\/v2\/types\/page"}],"author":[{"embeddable":true,"href":"https:\/\/les4h.fr\/es\/wp-json\/wp\/v2\/users\/1"}],"replies":[{"embeddable":true,"href":"https:\/\/les4h.fr\/es\/wp-json\/wp\/v2\/comments?post=10766"}],"version-history":[{"count":0,"href":"https:\/\/les4h.fr\/es\/wp-json\/wp\/v2\/pages\/10766\/revisions"}],"wp:attachment":[{"href":"https:\/\/les4h.fr\/es\/wp-json\/wp\/v2\/media?parent=10766"}],"curies":[{"name":"wp","href":"https:\/\/api.w.org\/{rel}","templated":true}]}}